{"id":20100,"date":"2023-07-24T16:33:14","date_gmt":"2023-07-24T22:33:14","guid":{"rendered":"https:\/\/acrylicmade.com\/product\/3d-letters\/"},"modified":"2023-07-24T16:33:14","modified_gmt":"2023-07-24T22:33:14","slug":"3d-letters","status":"publish","type":"product","link":"https:\/\/acrylicmade.com\/en\/product\/3d-letters\/","title":{"rendered":"3D Letters"},"excerpt":{"rendered":"<p>Add a personalized touch to your space with our acrylic letters. Perfect for decorating or gifting, they bring a touch of charm and uniqueness to any occasion.<\/p>\n<p><strong>Special features<\/strong>: each letter can vary its design.<br \/>\n<strong>Dimensions<\/strong>: 20 x 20 x 5 c. m.<br \/>\n<strong>Material<\/strong>: acrylic<br \/>\n<strong>Thickness<\/strong>: 3mm<br \/>\n<strong>Color<\/strong>: transparent\/crystal<br \/>\n<strong>Min order<\/strong>: 5<\/p>\n","protected":false},"featured_media":20095,"template":"","meta":{"inline_featured_image":false},"product_cat":[806,1101,1094,31,291,32,292,34,295,805],"product_tag":[1129,716,1120,1117,1123,1130,1125,155,443,1132,1128,1126,1127,1131],"class_list":["post-20100","product","type-product","status-publish","has-post-thumbnail","hentry","product_cat-all-products","product_cat-decor","product_cat-decoracion","product_cat-displays","product_cat-exhibicion-es","product_cat-home","product_cat-hogar-es","product_cat-advertising","product_cat-publicitarios-es","product_cat-productos","product_tag-acrylic-letter","product_tag-deco","product_tag-deco-en-3","product_tag-decoracion","product_tag-decoration-en","product_tag-gift","product_tag-letra-de-acrilico","product_tag-letras","product_tag-letras-es","product_tag-name","product_tag-nombre","product_tag-regalo","product_tag-san-valentin","product_tag-san-valentin-en"],"yoast_head":"<!-- This site is optimized with the Yoast SEO plugin v25.2 - https:\/\/yoast.com\/wordpress\/plugins\/seo\/ -->\n<title>Acrylicmade - 3D Letters<\/title>\n<meta name=\"description\" content=\"Somos expertos en la fabricaci\u00f3n en productos de acr\u00edlico. Env\u00edos a todo M\u00e9xico y el mundo. Tel\u00e9fono 33 2304 1149 \/ 33 1661 7819\" \/>\n<meta name=\"robots\" content=\"index, follow, max-snippet:-1, max-image-preview:large, max-video-preview:-1\" \/>\n<link rel=\"canonical\" href=\"https:\/\/acrylicmade.com\/en\/product\/3d-letters\/\" \/>\n<meta property=\"og:locale\" content=\"en_US\" \/>\n<meta property=\"og:type\" content=\"article\" \/>\n<meta property=\"og:title\" content=\"Acrylicmade - 3D Letters\" \/>\n<meta property=\"og:description\" content=\"Somos expertos en la fabricaci\u00f3n en productos de acr\u00edlico. Env\u00edos a todo M\u00e9xico y el mundo. Tel\u00e9fono 33 2304 1149 \/ 33 1661 7819\" \/>\n<meta property=\"og:url\" content=\"https:\/\/acrylicmade.com\/en\/product\/3d-letters\/\" \/>\n<meta property=\"og:site_name\" content=\"Acrylicmade\" \/>\n<meta property=\"article:publisher\" content=\"https:\/\/www.facebook.com\/profile.php?id=100081663810347\" \/>\n<meta property=\"og:image\" content=\"https:\/\/acrylicmade.com\/wp-content\/uploads\/2023\/07\/prodweb_K_2.png\" \/>\n\t<meta property=\"og:image:width\" content=\"800\" \/>\n\t<meta property=\"og:image:height\" content=\"800\" \/>\n\t<meta property=\"og:image:type\" content=\"image\/png\" \/>\n<script type=\"application\/ld+json\" class=\"yoast-schema-graph\">{\"@context\":\"https:\/\/schema.org\",\"@graph\":[{\"@type\":\"WebPage\",\"@id\":\"https:\/\/acrylicmade.com\/en\/product\/3d-letters\/\",\"url\":\"https:\/\/acrylicmade.com\/en\/product\/3d-letters\/\",\"name\":\"Acrylicmade - 3D Letters\",\"isPartOf\":{\"@id\":\"https:\/\/acrylicmade.com\/en\/#website\"},\"primaryImageOfPage\":{\"@id\":\"https:\/\/acrylicmade.com\/en\/product\/3d-letters\/#primaryimage\"},\"image\":{\"@id\":\"https:\/\/acrylicmade.com\/en\/product\/3d-letters\/#primaryimage\"},\"thumbnailUrl\":\"https:\/\/acrylicmade.com\/wp-content\/uploads\/2023\/07\/prodweb_K_2.png\",\"datePublished\":\"2023-07-24T22:33:14+00:00\",\"description\":\"Somos expertos en la fabricaci\u00f3n en productos de acr\u00edlico. Env\u00edos a todo M\u00e9xico y el mundo. Tel\u00e9fono 33 2304 1149 \/ 33 1661 7819\",\"breadcrumb\":{\"@id\":\"https:\/\/acrylicmade.com\/en\/product\/3d-letters\/#breadcrumb\"},\"inLanguage\":\"en-US\",\"potentialAction\":[{\"@type\":\"ReadAction\",\"target\":[\"https:\/\/acrylicmade.com\/en\/product\/3d-letters\/\"]}]},{\"@type\":\"ImageObject\",\"inLanguage\":\"en-US\",\"@id\":\"https:\/\/acrylicmade.com\/en\/product\/3d-letters\/#primaryimage\",\"url\":\"https:\/\/acrylicmade.com\/wp-content\/uploads\/2023\/07\/prodweb_K_2.png\",\"contentUrl\":\"https:\/\/acrylicmade.com\/wp-content\/uploads\/2023\/07\/prodweb_K_2.png\",\"width\":800,\"height\":800},{\"@type\":\"BreadcrumbList\",\"@id\":\"https:\/\/acrylicmade.com\/en\/product\/3d-letters\/#breadcrumb\",\"itemListElement\":[{\"@type\":\"ListItem\",\"position\":1,\"name\":\"Home\",\"item\":\"https:\/\/acrylicmade.com\/en\/\"},{\"@type\":\"ListItem\",\"position\":2,\"name\":\"Abarrotes y Dulcer\u00eda\",\"item\":\"https:\/\/acrylicmade.com\/en\/productos\/\"},{\"@type\":\"ListItem\",\"position\":3,\"name\":\"3D Letters\"}]},{\"@type\":\"WebSite\",\"@id\":\"https:\/\/acrylicmade.com\/en\/#website\",\"url\":\"https:\/\/acrylicmade.com\/en\/\",\"name\":\"Acrylicmade\",\"description\":\"Acrylicmade\",\"publisher\":{\"@id\":\"https:\/\/acrylicmade.com\/en\/#organization\"},\"potentialAction\":[{\"@type\":\"SearchAction\",\"target\":{\"@type\":\"EntryPoint\",\"urlTemplate\":\"https:\/\/acrylicmade.com\/en\/?s={search_term_string}\"},\"query-input\":{\"@type\":\"PropertyValueSpecification\",\"valueRequired\":true,\"valueName\":\"search_term_string\"}}],\"inLanguage\":\"en-US\"},{\"@type\":\"Organization\",\"@id\":\"https:\/\/acrylicmade.com\/en\/#organization\",\"name\":\"Acrylicmade\",\"url\":\"https:\/\/acrylicmade.com\/en\/\",\"logo\":{\"@type\":\"ImageObject\",\"inLanguage\":\"en-US\",\"@id\":\"https:\/\/acrylicmade.com\/en\/#\/schema\/logo\/image\/\",\"url\":\"https:\/\/acrylicmade.com\/wp-content\/uploads\/2023\/04\/logo_500x500.png\",\"contentUrl\":\"https:\/\/acrylicmade.com\/wp-content\/uploads\/2023\/04\/logo_500x500.png\",\"width\":500,\"height\":500,\"caption\":\"Acrylicmade\"},\"image\":{\"@id\":\"https:\/\/acrylicmade.com\/en\/#\/schema\/logo\/image\/\"},\"sameAs\":[\"https:\/\/www.facebook.com\/profile.php?id=100081663810347\",\"https:\/\/www.instagram.com\/acrylicmade\/\",\"https:\/\/www.linkedin.com\/company\/acrylicmade\"]}]}<\/script>\n<!-- \/ Yoast SEO plugin. -->","yoast_head_json":{"title":"Acrylicmade - 3D Letters","description":"Somos expertos en la fabricaci\u00f3n en productos de acr\u00edlico. Env\u00edos a todo M\u00e9xico y el mundo. Tel\u00e9fono 33 2304 1149 \/ 33 1661 7819","robots":{"index":"index","follow":"follow","max-snippet":"max-snippet:-1","max-image-preview":"max-image-preview:large","max-video-preview":"max-video-preview:-1"},"canonical":"https:\/\/acrylicmade.com\/en\/product\/3d-letters\/","og_locale":"en_US","og_type":"article","og_title":"Acrylicmade - 3D Letters","og_description":"Somos expertos en la fabricaci\u00f3n en productos de acr\u00edlico. Env\u00edos a todo M\u00e9xico y el mundo. Tel\u00e9fono 33 2304 1149 \/ 33 1661 7819","og_url":"https:\/\/acrylicmade.com\/en\/product\/3d-letters\/","og_site_name":"Acrylicmade","article_publisher":"https:\/\/www.facebook.com\/profile.php?id=100081663810347","og_image":[{"width":800,"height":800,"url":"https:\/\/acrylicmade.com\/wp-content\/uploads\/2023\/07\/prodweb_K_2.png","type":"image\/png"}],"schema":{"@context":"https:\/\/schema.org","@graph":[{"@type":"WebPage","@id":"https:\/\/acrylicmade.com\/en\/product\/3d-letters\/","url":"https:\/\/acrylicmade.com\/en\/product\/3d-letters\/","name":"Acrylicmade - 3D Letters","isPartOf":{"@id":"https:\/\/acrylicmade.com\/en\/#website"},"primaryImageOfPage":{"@id":"https:\/\/acrylicmade.com\/en\/product\/3d-letters\/#primaryimage"},"image":{"@id":"https:\/\/acrylicmade.com\/en\/product\/3d-letters\/#primaryimage"},"thumbnailUrl":"https:\/\/acrylicmade.com\/wp-content\/uploads\/2023\/07\/prodweb_K_2.png","datePublished":"2023-07-24T22:33:14+00:00","description":"Somos expertos en la fabricaci\u00f3n en productos de acr\u00edlico. Env\u00edos a todo M\u00e9xico y el mundo. Tel\u00e9fono 33 2304 1149 \/ 33 1661 7819","breadcrumb":{"@id":"https:\/\/acrylicmade.com\/en\/product\/3d-letters\/#breadcrumb"},"inLanguage":"en-US","potentialAction":[{"@type":"ReadAction","target":["https:\/\/acrylicmade.com\/en\/product\/3d-letters\/"]}]},{"@type":"ImageObject","inLanguage":"en-US","@id":"https:\/\/acrylicmade.com\/en\/product\/3d-letters\/#primaryimage","url":"https:\/\/acrylicmade.com\/wp-content\/uploads\/2023\/07\/prodweb_K_2.png","contentUrl":"https:\/\/acrylicmade.com\/wp-content\/uploads\/2023\/07\/prodweb_K_2.png","width":800,"height":800},{"@type":"BreadcrumbList","@id":"https:\/\/acrylicmade.com\/en\/product\/3d-letters\/#breadcrumb","itemListElement":[{"@type":"ListItem","position":1,"name":"Home","item":"https:\/\/acrylicmade.com\/en\/"},{"@type":"ListItem","position":2,"name":"Abarrotes y Dulcer\u00eda","item":"https:\/\/acrylicmade.com\/en\/productos\/"},{"@type":"ListItem","position":3,"name":"3D Letters"}]},{"@type":"WebSite","@id":"https:\/\/acrylicmade.com\/en\/#website","url":"https:\/\/acrylicmade.com\/en\/","name":"Acrylicmade","description":"Acrylicmade","publisher":{"@id":"https:\/\/acrylicmade.com\/en\/#organization"},"potentialAction":[{"@type":"SearchAction","target":{"@type":"EntryPoint","urlTemplate":"https:\/\/acrylicmade.com\/en\/?s={search_term_string}"},"query-input":{"@type":"PropertyValueSpecification","valueRequired":true,"valueName":"search_term_string"}}],"inLanguage":"en-US"},{"@type":"Organization","@id":"https:\/\/acrylicmade.com\/en\/#organization","name":"Acrylicmade","url":"https:\/\/acrylicmade.com\/en\/","logo":{"@type":"ImageObject","inLanguage":"en-US","@id":"https:\/\/acrylicmade.com\/en\/#\/schema\/logo\/image\/","url":"https:\/\/acrylicmade.com\/wp-content\/uploads\/2023\/04\/logo_500x500.png","contentUrl":"https:\/\/acrylicmade.com\/wp-content\/uploads\/2023\/04\/logo_500x500.png","width":500,"height":500,"caption":"Acrylicmade"},"image":{"@id":"https:\/\/acrylicmade.com\/en\/#\/schema\/logo\/image\/"},"sameAs":["https:\/\/www.facebook.com\/profile.php?id=100081663810347","https:\/\/www.instagram.com\/acrylicmade\/","https:\/\/www.linkedin.com\/company\/acrylicmade"]}]}},"_links":{"self":[{"href":"https:\/\/acrylicmade.com\/en\/wp-json\/wp\/v2\/product\/20100","targetHints":{"allow":["GET"]}}],"collection":[{"href":"https:\/\/acrylicmade.com\/en\/wp-json\/wp\/v2\/product"}],"about":[{"href":"https:\/\/acrylicmade.com\/en\/wp-json\/wp\/v2\/types\/product"}],"wp:featuredmedia":[{"embeddable":true,"href":"https:\/\/acrylicmade.com\/en\/wp-json\/wp\/v2\/media\/20095"}],"wp:attachment":[{"href":"https:\/\/acrylicmade.com\/en\/wp-json\/wp\/v2\/media?parent=20100"}],"wp:term":[{"taxonomy":"product_cat","embeddable":true,"href":"https:\/\/acrylicmade.com\/en\/wp-json\/wp\/v2\/product_cat?post=20100"},{"taxonomy":"product_tag","embeddable":true,"href":"https:\/\/acrylicmade.com\/en\/wp-json\/wp\/v2\/product_tag?post=20100"}],"curies":[{"name":"wp","href":"https:\/\/api.w.org\/{rel}","templated":true}]}}