{"id":20179,"date":"2023-07-25T20:57:18","date_gmt":"2023-07-26T02:57:18","guid":{"rendered":"https:\/\/acrylicmade.com\/product\/flowers-box\/"},"modified":"2023-08-08T18:28:36","modified_gmt":"2023-08-09T00:28:36","slug":"flowers-box","status":"publish","type":"product","link":"https:\/\/acrylicmade.com\/en\/product\/flowers-box\/","title":{"rendered":"Box FLOWERS"},"excerpt":{"rendered":"<p>This elegant box is designed to enhance the natural beauty of roses and gently protect them. It is the perfect gift for special occasions or to express your feelings in a unique and memorable way. Surprise your loved ones with this box that captures the essence and elegance of roses in a sophisticated way.<\/p>\n<p><strong>Special features<\/strong>: 9 roses<br \/>\n<strong>Dimensions<\/strong>: 20 x 20 x 20 c. m.<br \/>\n<strong>Material<\/strong>: acrylic<br \/>\n<strong>Thickness<\/strong>: 3mm<br \/>\n<strong>Color<\/strong>: transparent\/clear<br \/>\n<strong>Min order<\/strong>: 1 pc<\/p>\n","protected":false},"featured_media":20176,"template":"","meta":{"inline_featured_image":false},"product_cat":[806,1101,1094,31,291,32,292,805],"product_tag":[1200,1203,1202,46,361,1199,807,1201],"class_list":["post-20179","product","type-product","status-publish","has-post-thumbnail","hentry","product_cat-all-products","product_cat-decor","product_cat-decoracion","product_cat-displays","product_cat-exhibicion-es","product_cat-home","product_cat-hogar-es","product_cat-productos","product_tag-acrillico","product_tag-acrylic-en","product_tag-box-for-flowers","product_tag-caja","product_tag-caja-es","product_tag-caja-para-flores","product_tag-flores","product_tag-flowers-en"],"yoast_head":"<!-- This site is optimized with the Yoast SEO plugin v25.2 - https:\/\/yoast.com\/wordpress\/plugins\/seo\/ -->\n<title>Acrylicmade - Box FLOWERS<\/title>\n<meta name=\"description\" content=\"Somos expertos en la fabricaci\u00f3n en productos de acr\u00edlico. Env\u00edos a todo M\u00e9xico y el mundo. Tel\u00e9fono 33 2304 1149 \/ 33 1661 7819\" \/>\n<meta name=\"robots\" content=\"index, follow, max-snippet:-1, max-image-preview:large, max-video-preview:-1\" \/>\n<link rel=\"canonical\" href=\"https:\/\/acrylicmade.com\/en\/product\/flowers-box\/\" \/>\n<meta property=\"og:locale\" content=\"en_US\" \/>\n<meta property=\"og:type\" content=\"article\" \/>\n<meta property=\"og:title\" content=\"Acrylicmade - Box FLOWERS\" \/>\n<meta property=\"og:description\" content=\"Somos expertos en la fabricaci\u00f3n en productos de acr\u00edlico. Env\u00edos a todo M\u00e9xico y el mundo. Tel\u00e9fono 33 2304 1149 \/ 33 1661 7819\" \/>\n<meta property=\"og:url\" content=\"https:\/\/acrylicmade.com\/en\/product\/flowers-box\/\" \/>\n<meta property=\"og:site_name\" content=\"Acrylicmade\" \/>\n<meta property=\"article:publisher\" content=\"https:\/\/www.facebook.com\/profile.php?id=100081663810347\" \/>\n<meta property=\"article:modified_time\" content=\"2023-08-09T00:28:36+00:00\" \/>\n<meta property=\"og:image\" content=\"https:\/\/acrylicmade.com\/wp-content\/uploads\/2023\/07\/prodweb_flores_1.png\" \/>\n\t<meta property=\"og:image:width\" content=\"800\" \/>\n\t<meta property=\"og:image:height\" content=\"800\" \/>\n\t<meta property=\"og:image:type\" content=\"image\/png\" \/>\n<script type=\"application\/ld+json\" class=\"yoast-schema-graph\">{\"@context\":\"https:\/\/schema.org\",\"@graph\":[{\"@type\":\"WebPage\",\"@id\":\"https:\/\/acrylicmade.com\/en\/product\/flowers-box\/\",\"url\":\"https:\/\/acrylicmade.com\/en\/product\/flowers-box\/\",\"name\":\"Acrylicmade - Box FLOWERS\",\"isPartOf\":{\"@id\":\"https:\/\/acrylicmade.com\/en\/#website\"},\"primaryImageOfPage\":{\"@id\":\"https:\/\/acrylicmade.com\/en\/product\/flowers-box\/#primaryimage\"},\"image\":{\"@id\":\"https:\/\/acrylicmade.com\/en\/product\/flowers-box\/#primaryimage\"},\"thumbnailUrl\":\"https:\/\/acrylicmade.com\/wp-content\/uploads\/2023\/07\/prodweb_flores_1.png\",\"datePublished\":\"2023-07-26T02:57:18+00:00\",\"dateModified\":\"2023-08-09T00:28:36+00:00\",\"description\":\"Somos expertos en la fabricaci\u00f3n en productos de acr\u00edlico. Env\u00edos a todo M\u00e9xico y el mundo. Tel\u00e9fono 33 2304 1149 \/ 33 1661 7819\",\"breadcrumb\":{\"@id\":\"https:\/\/acrylicmade.com\/en\/product\/flowers-box\/#breadcrumb\"},\"inLanguage\":\"en-US\",\"potentialAction\":[{\"@type\":\"ReadAction\",\"target\":[\"https:\/\/acrylicmade.com\/en\/product\/flowers-box\/\"]}]},{\"@type\":\"ImageObject\",\"inLanguage\":\"en-US\",\"@id\":\"https:\/\/acrylicmade.com\/en\/product\/flowers-box\/#primaryimage\",\"url\":\"https:\/\/acrylicmade.com\/wp-content\/uploads\/2023\/07\/prodweb_flores_1.png\",\"contentUrl\":\"https:\/\/acrylicmade.com\/wp-content\/uploads\/2023\/07\/prodweb_flores_1.png\",\"width\":800,\"height\":800},{\"@type\":\"BreadcrumbList\",\"@id\":\"https:\/\/acrylicmade.com\/en\/product\/flowers-box\/#breadcrumb\",\"itemListElement\":[{\"@type\":\"ListItem\",\"position\":1,\"name\":\"Home\",\"item\":\"https:\/\/acrylicmade.com\/en\/\"},{\"@type\":\"ListItem\",\"position\":2,\"name\":\"Abarrotes y Dulcer\u00eda\",\"item\":\"https:\/\/acrylicmade.com\/en\/productos\/\"},{\"@type\":\"ListItem\",\"position\":3,\"name\":\"Box FLOWERS\"}]},{\"@type\":\"WebSite\",\"@id\":\"https:\/\/acrylicmade.com\/en\/#website\",\"url\":\"https:\/\/acrylicmade.com\/en\/\",\"name\":\"Acrylicmade\",\"description\":\"Acrylicmade\",\"publisher\":{\"@id\":\"https:\/\/acrylicmade.com\/en\/#organization\"},\"potentialAction\":[{\"@type\":\"SearchAction\",\"target\":{\"@type\":\"EntryPoint\",\"urlTemplate\":\"https:\/\/acrylicmade.com\/en\/?s={search_term_string}\"},\"query-input\":{\"@type\":\"PropertyValueSpecification\",\"valueRequired\":true,\"valueName\":\"search_term_string\"}}],\"inLanguage\":\"en-US\"},{\"@type\":\"Organization\",\"@id\":\"https:\/\/acrylicmade.com\/en\/#organization\",\"name\":\"Acrylicmade\",\"url\":\"https:\/\/acrylicmade.com\/en\/\",\"logo\":{\"@type\":\"ImageObject\",\"inLanguage\":\"en-US\",\"@id\":\"https:\/\/acrylicmade.com\/en\/#\/schema\/logo\/image\/\",\"url\":\"https:\/\/acrylicmade.com\/wp-content\/uploads\/2023\/04\/logo_500x500.png\",\"contentUrl\":\"https:\/\/acrylicmade.com\/wp-content\/uploads\/2023\/04\/logo_500x500.png\",\"width\":500,\"height\":500,\"caption\":\"Acrylicmade\"},\"image\":{\"@id\":\"https:\/\/acrylicmade.com\/en\/#\/schema\/logo\/image\/\"},\"sameAs\":[\"https:\/\/www.facebook.com\/profile.php?id=100081663810347\",\"https:\/\/www.instagram.com\/acrylicmade\/\",\"https:\/\/www.linkedin.com\/company\/acrylicmade\"]}]}<\/script>\n<!-- \/ Yoast SEO plugin. -->","yoast_head_json":{"title":"Acrylicmade - Box FLOWERS","description":"Somos expertos en la fabricaci\u00f3n en productos de acr\u00edlico. Env\u00edos a todo M\u00e9xico y el mundo. Tel\u00e9fono 33 2304 1149 \/ 33 1661 7819","robots":{"index":"index","follow":"follow","max-snippet":"max-snippet:-1","max-image-preview":"max-image-preview:large","max-video-preview":"max-video-preview:-1"},"canonical":"https:\/\/acrylicmade.com\/en\/product\/flowers-box\/","og_locale":"en_US","og_type":"article","og_title":"Acrylicmade - Box FLOWERS","og_description":"Somos expertos en la fabricaci\u00f3n en productos de acr\u00edlico. Env\u00edos a todo M\u00e9xico y el mundo. Tel\u00e9fono 33 2304 1149 \/ 33 1661 7819","og_url":"https:\/\/acrylicmade.com\/en\/product\/flowers-box\/","og_site_name":"Acrylicmade","article_publisher":"https:\/\/www.facebook.com\/profile.php?id=100081663810347","article_modified_time":"2023-08-09T00:28:36+00:00","og_image":[{"width":800,"height":800,"url":"https:\/\/acrylicmade.com\/wp-content\/uploads\/2023\/07\/prodweb_flores_1.png","type":"image\/png"}],"schema":{"@context":"https:\/\/schema.org","@graph":[{"@type":"WebPage","@id":"https:\/\/acrylicmade.com\/en\/product\/flowers-box\/","url":"https:\/\/acrylicmade.com\/en\/product\/flowers-box\/","name":"Acrylicmade - Box FLOWERS","isPartOf":{"@id":"https:\/\/acrylicmade.com\/en\/#website"},"primaryImageOfPage":{"@id":"https:\/\/acrylicmade.com\/en\/product\/flowers-box\/#primaryimage"},"image":{"@id":"https:\/\/acrylicmade.com\/en\/product\/flowers-box\/#primaryimage"},"thumbnailUrl":"https:\/\/acrylicmade.com\/wp-content\/uploads\/2023\/07\/prodweb_flores_1.png","datePublished":"2023-07-26T02:57:18+00:00","dateModified":"2023-08-09T00:28:36+00:00","description":"Somos expertos en la fabricaci\u00f3n en productos de acr\u00edlico. Env\u00edos a todo M\u00e9xico y el mundo. Tel\u00e9fono 33 2304 1149 \/ 33 1661 7819","breadcrumb":{"@id":"https:\/\/acrylicmade.com\/en\/product\/flowers-box\/#breadcrumb"},"inLanguage":"en-US","potentialAction":[{"@type":"ReadAction","target":["https:\/\/acrylicmade.com\/en\/product\/flowers-box\/"]}]},{"@type":"ImageObject","inLanguage":"en-US","@id":"https:\/\/acrylicmade.com\/en\/product\/flowers-box\/#primaryimage","url":"https:\/\/acrylicmade.com\/wp-content\/uploads\/2023\/07\/prodweb_flores_1.png","contentUrl":"https:\/\/acrylicmade.com\/wp-content\/uploads\/2023\/07\/prodweb_flores_1.png","width":800,"height":800},{"@type":"BreadcrumbList","@id":"https:\/\/acrylicmade.com\/en\/product\/flowers-box\/#breadcrumb","itemListElement":[{"@type":"ListItem","position":1,"name":"Home","item":"https:\/\/acrylicmade.com\/en\/"},{"@type":"ListItem","position":2,"name":"Abarrotes y Dulcer\u00eda","item":"https:\/\/acrylicmade.com\/en\/productos\/"},{"@type":"ListItem","position":3,"name":"Box FLOWERS"}]},{"@type":"WebSite","@id":"https:\/\/acrylicmade.com\/en\/#website","url":"https:\/\/acrylicmade.com\/en\/","name":"Acrylicmade","description":"Acrylicmade","publisher":{"@id":"https:\/\/acrylicmade.com\/en\/#organization"},"potentialAction":[{"@type":"SearchAction","target":{"@type":"EntryPoint","urlTemplate":"https:\/\/acrylicmade.com\/en\/?s={search_term_string}"},"query-input":{"@type":"PropertyValueSpecification","valueRequired":true,"valueName":"search_term_string"}}],"inLanguage":"en-US"},{"@type":"Organization","@id":"https:\/\/acrylicmade.com\/en\/#organization","name":"Acrylicmade","url":"https:\/\/acrylicmade.com\/en\/","logo":{"@type":"ImageObject","inLanguage":"en-US","@id":"https:\/\/acrylicmade.com\/en\/#\/schema\/logo\/image\/","url":"https:\/\/acrylicmade.com\/wp-content\/uploads\/2023\/04\/logo_500x500.png","contentUrl":"https:\/\/acrylicmade.com\/wp-content\/uploads\/2023\/04\/logo_500x500.png","width":500,"height":500,"caption":"Acrylicmade"},"image":{"@id":"https:\/\/acrylicmade.com\/en\/#\/schema\/logo\/image\/"},"sameAs":["https:\/\/www.facebook.com\/profile.php?id=100081663810347","https:\/\/www.instagram.com\/acrylicmade\/","https:\/\/www.linkedin.com\/company\/acrylicmade"]}]}},"_links":{"self":[{"href":"https:\/\/acrylicmade.com\/en\/wp-json\/wp\/v2\/product\/20179","targetHints":{"allow":["GET"]}}],"collection":[{"href":"https:\/\/acrylicmade.com\/en\/wp-json\/wp\/v2\/product"}],"about":[{"href":"https:\/\/acrylicmade.com\/en\/wp-json\/wp\/v2\/types\/product"}],"wp:featuredmedia":[{"embeddable":true,"href":"https:\/\/acrylicmade.com\/en\/wp-json\/wp\/v2\/media\/20176"}],"wp:attachment":[{"href":"https:\/\/acrylicmade.com\/en\/wp-json\/wp\/v2\/media?parent=20179"}],"wp:term":[{"taxonomy":"product_cat","embeddable":true,"href":"https:\/\/acrylicmade.com\/en\/wp-json\/wp\/v2\/product_cat?post=20179"},{"taxonomy":"product_tag","embeddable":true,"href":"https:\/\/acrylicmade.com\/en\/wp-json\/wp\/v2\/product_tag?post=20179"}],"curies":[{"name":"wp","href":"https:\/\/api.w.org\/{rel}","templated":true}]}}