{"id":20375,"date":"2023-07-28T19:11:57","date_gmt":"2023-07-29T01:11:57","guid":{"rendered":"https:\/\/acrylicmade.com\/product\/roman-box\/"},"modified":"2023-08-08T18:17:57","modified_gmt":"2023-08-09T00:17:57","slug":"roman-box","status":"publish","type":"product","link":"https:\/\/acrylicmade.com\/en\/product\/roman-box\/","title":{"rendered":"Box ROMAN"},"excerpt":{"rendered":"<p>With adjustable compartments and a transparent design, this practical accessory adapts to your needs, whether it is to organize stationery, jewelry, beauty accessories or any other object. Discover the elegance and efficiency that this organizer brings to your daily life, keeping everything in its place in a functional and aesthetic way.<\/p>\n<p><strong>Special features<\/strong>: 4 spaces.<br \/>\n<strong>Dimensions<\/strong>: 20 x 5.5 x 9 c. m.<br \/>\n<strong>Material<\/strong>: Acrylic<br \/>\n<strong>Thickness<\/strong>: 3mm<br \/>\n<strong>Color<\/strong>: Transparent\/crystal<br \/>\n<strong>Min order<\/strong>: 1 pc.<\/p>\n","protected":false},"featured_media":20370,"template":"","meta":{"inline_featured_image":false},"product_cat":[806,1101,1074,40,1094,31,291,32,292,37,296,1066,317,805],"product_tag":[1327,361,46,224,330,1067,1323,1324,1325,1326,236,377,1328,655,1075,1195,1330,1329],"class_list":["post-20375","product","type-product","status-publish","has-post-thumbnail","hentry","product_cat-all-products","product_cat-decor","product_cat-organize","product_cat-stationery","product_cat-decoracion","product_cat-displays","product_cat-exhibicion-es","product_cat-home","product_cat-hogar-es","product_cat-jewelry","product_cat-joyeria-es","product_cat-organizacion","product_cat-papeleria-es","product_cat-productos","product_tag-bathroom-organizer","product_tag-caja-es","product_tag-caja","product_tag-caja-de-acrilico","product_tag-caja-de-acrilico-es","product_tag-caja-organizadora","product_tag-caja-para-banos","product_tag-caja-para-el-hogar","product_tag-caja-para-papeles","product_tag-caja-para-plumas","product_tag-cajita","product_tag-cajita-es","product_tag-home-organizer","product_tag-organizador","product_tag-organize-box","product_tag-organizer-en","product_tag-pen-organizer","product_tag-stationary-organizer"],"yoast_head":"<!-- This site is optimized with the Yoast SEO plugin v25.2 - https:\/\/yoast.com\/wordpress\/plugins\/seo\/ -->\n<title>Acrylicmade - Box ROMAN<\/title>\n<meta name=\"description\" content=\"Somos expertos en la fabricaci\u00f3n en productos de acr\u00edlico. Env\u00edos a todo M\u00e9xico y el mundo. Tel\u00e9fono 33 2304 1149 \/ 33 1661 7819\" \/>\n<meta name=\"robots\" content=\"index, follow, max-snippet:-1, max-image-preview:large, max-video-preview:-1\" \/>\n<link rel=\"canonical\" href=\"https:\/\/acrylicmade.com\/en\/product\/roman-box\/\" \/>\n<meta property=\"og:locale\" content=\"en_US\" \/>\n<meta property=\"og:type\" content=\"article\" \/>\n<meta property=\"og:title\" content=\"Acrylicmade - Box ROMAN\" \/>\n<meta property=\"og:description\" content=\"Somos expertos en la fabricaci\u00f3n en productos de acr\u00edlico. Env\u00edos a todo M\u00e9xico y el mundo. Tel\u00e9fono 33 2304 1149 \/ 33 1661 7819\" \/>\n<meta property=\"og:url\" content=\"https:\/\/acrylicmade.com\/en\/product\/roman-box\/\" \/>\n<meta property=\"og:site_name\" content=\"Acrylicmade\" \/>\n<meta property=\"article:publisher\" content=\"https:\/\/www.facebook.com\/profile.php?id=100081663810347\" \/>\n<meta property=\"article:modified_time\" content=\"2023-08-09T00:17:57+00:00\" \/>\n<meta property=\"og:image\" content=\"https:\/\/acrylicmade.com\/wp-content\/uploads\/2023\/07\/prodweb_caja-roman_1.png\" \/>\n\t<meta property=\"og:image:width\" content=\"800\" \/>\n\t<meta property=\"og:image:height\" content=\"800\" \/>\n\t<meta property=\"og:image:type\" content=\"image\/png\" \/>\n<script type=\"application\/ld+json\" class=\"yoast-schema-graph\">{\"@context\":\"https:\/\/schema.org\",\"@graph\":[{\"@type\":\"WebPage\",\"@id\":\"https:\/\/acrylicmade.com\/en\/product\/roman-box\/\",\"url\":\"https:\/\/acrylicmade.com\/en\/product\/roman-box\/\",\"name\":\"Acrylicmade - Box ROMAN\",\"isPartOf\":{\"@id\":\"https:\/\/acrylicmade.com\/en\/#website\"},\"primaryImageOfPage\":{\"@id\":\"https:\/\/acrylicmade.com\/en\/product\/roman-box\/#primaryimage\"},\"image\":{\"@id\":\"https:\/\/acrylicmade.com\/en\/product\/roman-box\/#primaryimage\"},\"thumbnailUrl\":\"https:\/\/acrylicmade.com\/wp-content\/uploads\/2023\/07\/prodweb_caja-roman_1.png\",\"datePublished\":\"2023-07-29T01:11:57+00:00\",\"dateModified\":\"2023-08-09T00:17:57+00:00\",\"description\":\"Somos expertos en la fabricaci\u00f3n en productos de acr\u00edlico. Env\u00edos a todo M\u00e9xico y el mundo. Tel\u00e9fono 33 2304 1149 \/ 33 1661 7819\",\"breadcrumb\":{\"@id\":\"https:\/\/acrylicmade.com\/en\/product\/roman-box\/#breadcrumb\"},\"inLanguage\":\"en-US\",\"potentialAction\":[{\"@type\":\"ReadAction\",\"target\":[\"https:\/\/acrylicmade.com\/en\/product\/roman-box\/\"]}]},{\"@type\":\"ImageObject\",\"inLanguage\":\"en-US\",\"@id\":\"https:\/\/acrylicmade.com\/en\/product\/roman-box\/#primaryimage\",\"url\":\"https:\/\/acrylicmade.com\/wp-content\/uploads\/2023\/07\/prodweb_caja-roman_1.png\",\"contentUrl\":\"https:\/\/acrylicmade.com\/wp-content\/uploads\/2023\/07\/prodweb_caja-roman_1.png\",\"width\":800,\"height\":800},{\"@type\":\"BreadcrumbList\",\"@id\":\"https:\/\/acrylicmade.com\/en\/product\/roman-box\/#breadcrumb\",\"itemListElement\":[{\"@type\":\"ListItem\",\"position\":1,\"name\":\"Home\",\"item\":\"https:\/\/acrylicmade.com\/en\/\"},{\"@type\":\"ListItem\",\"position\":2,\"name\":\"Abarrotes y Dulcer\u00eda\",\"item\":\"https:\/\/acrylicmade.com\/en\/productos\/\"},{\"@type\":\"ListItem\",\"position\":3,\"name\":\"Box ROMAN\"}]},{\"@type\":\"WebSite\",\"@id\":\"https:\/\/acrylicmade.com\/en\/#website\",\"url\":\"https:\/\/acrylicmade.com\/en\/\",\"name\":\"Acrylicmade\",\"description\":\"Acrylicmade\",\"publisher\":{\"@id\":\"https:\/\/acrylicmade.com\/en\/#organization\"},\"potentialAction\":[{\"@type\":\"SearchAction\",\"target\":{\"@type\":\"EntryPoint\",\"urlTemplate\":\"https:\/\/acrylicmade.com\/en\/?s={search_term_string}\"},\"query-input\":{\"@type\":\"PropertyValueSpecification\",\"valueRequired\":true,\"valueName\":\"search_term_string\"}}],\"inLanguage\":\"en-US\"},{\"@type\":\"Organization\",\"@id\":\"https:\/\/acrylicmade.com\/en\/#organization\",\"name\":\"Acrylicmade\",\"url\":\"https:\/\/acrylicmade.com\/en\/\",\"logo\":{\"@type\":\"ImageObject\",\"inLanguage\":\"en-US\",\"@id\":\"https:\/\/acrylicmade.com\/en\/#\/schema\/logo\/image\/\",\"url\":\"https:\/\/acrylicmade.com\/wp-content\/uploads\/2023\/04\/logo_500x500.png\",\"contentUrl\":\"https:\/\/acrylicmade.com\/wp-content\/uploads\/2023\/04\/logo_500x500.png\",\"width\":500,\"height\":500,\"caption\":\"Acrylicmade\"},\"image\":{\"@id\":\"https:\/\/acrylicmade.com\/en\/#\/schema\/logo\/image\/\"},\"sameAs\":[\"https:\/\/www.facebook.com\/profile.php?id=100081663810347\",\"https:\/\/www.instagram.com\/acrylicmade\/\",\"https:\/\/www.linkedin.com\/company\/acrylicmade\"]}]}<\/script>\n<!-- \/ Yoast SEO plugin. -->","yoast_head_json":{"title":"Acrylicmade - Box ROMAN","description":"Somos expertos en la fabricaci\u00f3n en productos de acr\u00edlico. Env\u00edos a todo M\u00e9xico y el mundo. Tel\u00e9fono 33 2304 1149 \/ 33 1661 7819","robots":{"index":"index","follow":"follow","max-snippet":"max-snippet:-1","max-image-preview":"max-image-preview:large","max-video-preview":"max-video-preview:-1"},"canonical":"https:\/\/acrylicmade.com\/en\/product\/roman-box\/","og_locale":"en_US","og_type":"article","og_title":"Acrylicmade - Box ROMAN","og_description":"Somos expertos en la fabricaci\u00f3n en productos de acr\u00edlico. Env\u00edos a todo M\u00e9xico y el mundo. Tel\u00e9fono 33 2304 1149 \/ 33 1661 7819","og_url":"https:\/\/acrylicmade.com\/en\/product\/roman-box\/","og_site_name":"Acrylicmade","article_publisher":"https:\/\/www.facebook.com\/profile.php?id=100081663810347","article_modified_time":"2023-08-09T00:17:57+00:00","og_image":[{"width":800,"height":800,"url":"https:\/\/acrylicmade.com\/wp-content\/uploads\/2023\/07\/prodweb_caja-roman_1.png","type":"image\/png"}],"schema":{"@context":"https:\/\/schema.org","@graph":[{"@type":"WebPage","@id":"https:\/\/acrylicmade.com\/en\/product\/roman-box\/","url":"https:\/\/acrylicmade.com\/en\/product\/roman-box\/","name":"Acrylicmade - Box ROMAN","isPartOf":{"@id":"https:\/\/acrylicmade.com\/en\/#website"},"primaryImageOfPage":{"@id":"https:\/\/acrylicmade.com\/en\/product\/roman-box\/#primaryimage"},"image":{"@id":"https:\/\/acrylicmade.com\/en\/product\/roman-box\/#primaryimage"},"thumbnailUrl":"https:\/\/acrylicmade.com\/wp-content\/uploads\/2023\/07\/prodweb_caja-roman_1.png","datePublished":"2023-07-29T01:11:57+00:00","dateModified":"2023-08-09T00:17:57+00:00","description":"Somos expertos en la fabricaci\u00f3n en productos de acr\u00edlico. Env\u00edos a todo M\u00e9xico y el mundo. Tel\u00e9fono 33 2304 1149 \/ 33 1661 7819","breadcrumb":{"@id":"https:\/\/acrylicmade.com\/en\/product\/roman-box\/#breadcrumb"},"inLanguage":"en-US","potentialAction":[{"@type":"ReadAction","target":["https:\/\/acrylicmade.com\/en\/product\/roman-box\/"]}]},{"@type":"ImageObject","inLanguage":"en-US","@id":"https:\/\/acrylicmade.com\/en\/product\/roman-box\/#primaryimage","url":"https:\/\/acrylicmade.com\/wp-content\/uploads\/2023\/07\/prodweb_caja-roman_1.png","contentUrl":"https:\/\/acrylicmade.com\/wp-content\/uploads\/2023\/07\/prodweb_caja-roman_1.png","width":800,"height":800},{"@type":"BreadcrumbList","@id":"https:\/\/acrylicmade.com\/en\/product\/roman-box\/#breadcrumb","itemListElement":[{"@type":"ListItem","position":1,"name":"Home","item":"https:\/\/acrylicmade.com\/en\/"},{"@type":"ListItem","position":2,"name":"Abarrotes y Dulcer\u00eda","item":"https:\/\/acrylicmade.com\/en\/productos\/"},{"@type":"ListItem","position":3,"name":"Box ROMAN"}]},{"@type":"WebSite","@id":"https:\/\/acrylicmade.com\/en\/#website","url":"https:\/\/acrylicmade.com\/en\/","name":"Acrylicmade","description":"Acrylicmade","publisher":{"@id":"https:\/\/acrylicmade.com\/en\/#organization"},"potentialAction":[{"@type":"SearchAction","target":{"@type":"EntryPoint","urlTemplate":"https:\/\/acrylicmade.com\/en\/?s={search_term_string}"},"query-input":{"@type":"PropertyValueSpecification","valueRequired":true,"valueName":"search_term_string"}}],"inLanguage":"en-US"},{"@type":"Organization","@id":"https:\/\/acrylicmade.com\/en\/#organization","name":"Acrylicmade","url":"https:\/\/acrylicmade.com\/en\/","logo":{"@type":"ImageObject","inLanguage":"en-US","@id":"https:\/\/acrylicmade.com\/en\/#\/schema\/logo\/image\/","url":"https:\/\/acrylicmade.com\/wp-content\/uploads\/2023\/04\/logo_500x500.png","contentUrl":"https:\/\/acrylicmade.com\/wp-content\/uploads\/2023\/04\/logo_500x500.png","width":500,"height":500,"caption":"Acrylicmade"},"image":{"@id":"https:\/\/acrylicmade.com\/en\/#\/schema\/logo\/image\/"},"sameAs":["https:\/\/www.facebook.com\/profile.php?id=100081663810347","https:\/\/www.instagram.com\/acrylicmade\/","https:\/\/www.linkedin.com\/company\/acrylicmade"]}]}},"_links":{"self":[{"href":"https:\/\/acrylicmade.com\/en\/wp-json\/wp\/v2\/product\/20375","targetHints":{"allow":["GET"]}}],"collection":[{"href":"https:\/\/acrylicmade.com\/en\/wp-json\/wp\/v2\/product"}],"about":[{"href":"https:\/\/acrylicmade.com\/en\/wp-json\/wp\/v2\/types\/product"}],"wp:featuredmedia":[{"embeddable":true,"href":"https:\/\/acrylicmade.com\/en\/wp-json\/wp\/v2\/media\/20370"}],"wp:attachment":[{"href":"https:\/\/acrylicmade.com\/en\/wp-json\/wp\/v2\/media?parent=20375"}],"wp:term":[{"taxonomy":"product_cat","embeddable":true,"href":"https:\/\/acrylicmade.com\/en\/wp-json\/wp\/v2\/product_cat?post=20375"},{"taxonomy":"product_tag","embeddable":true,"href":"https:\/\/acrylicmade.com\/en\/wp-json\/wp\/v2\/product_tag?post=20375"}],"curies":[{"name":"wp","href":"https:\/\/api.w.org\/{rel}","templated":true}]}}