{"id":21197,"date":"2023-08-03T13:30:17","date_gmt":"2023-08-03T19:30:17","guid":{"rendered":"https:\/\/acrylicmade.com\/product\/cuadra-earring-holder\/"},"modified":"2023-08-03T13:30:17","modified_gmt":"2023-08-03T19:30:17","slug":"cuadra-earring-holder","status":"publish","type":"product","link":"https:\/\/acrylicmade.com\/en\/product\/cuadra-earring-holder\/","title":{"rendered":"CUADRA Earring Holder"},"excerpt":{"rendered":"<p>Enhance the charm of your earrings with our acrylic display, a perfect combination that adds sophistication to your accessory display while making it easy to display and select.<\/p>\n<p><strong>Special features<\/strong>: Space for 15 pairs.<br \/>\n<strong>Dimensions<\/strong>: 20 x 12 c. m.<br \/>\n<strong>Material<\/strong>: Acrylic<br \/>\n<strong>Thickness<\/strong>: 3mm I 6mm<br \/>\n<strong>Color<\/strong>: Transparent\/crystal<br \/>\n<strong>Min order<\/strong>: 10 pcs.<\/p>\n","protected":false},"featured_media":20909,"template":"","meta":{"inline_featured_image":false},"product_cat":[806,31,31,32,32,37,37,1074,1074,806],"product_tag":[254,254,1420,1076,1421,1420,1421,174,174,175,175,1076,256,256],"class_list":{"0":"post-21197","1":"product","2":"type-product","3":"status-publish","4":"has-post-thumbnail","5":"hentry","6":"product_cat-all-products","7":"product_cat-displays","9":"product_cat-home","11":"product_cat-jewelry","13":"product_cat-organize","16":"product_tag-aretes","18":"product_tag-earring-holder","19":"product_tag-box-to-organize","20":"product_tag-display-en-3","23":"product_tag-joyas","25":"product_tag-joyeria","28":"product_tag-porta-aretes"},"yoast_head":"<!-- This site is optimized with the Yoast SEO plugin v25.2 - https:\/\/yoast.com\/wordpress\/plugins\/seo\/ -->\n<title>Acrylicmade - CUADRA Earring Holder<\/title>\n<meta name=\"description\" content=\"Somos expertos en la fabricaci\u00f3n en productos de acr\u00edlico. Env\u00edos a todo M\u00e9xico y el mundo. Tel\u00e9fono 33 2304 1149 \/ 33 1661 7819\" \/>\n<meta name=\"robots\" content=\"index, follow, max-snippet:-1, max-image-preview:large, max-video-preview:-1\" \/>\n<link rel=\"canonical\" href=\"https:\/\/acrylicmade.com\/en\/product\/cuadra-earring-holder\/\" \/>\n<meta property=\"og:locale\" content=\"en_US\" \/>\n<meta property=\"og:type\" content=\"article\" \/>\n<meta property=\"og:title\" content=\"Acrylicmade - CUADRA Earring Holder\" \/>\n<meta property=\"og:description\" content=\"Somos expertos en la fabricaci\u00f3n en productos de acr\u00edlico. Env\u00edos a todo M\u00e9xico y el mundo. Tel\u00e9fono 33 2304 1149 \/ 33 1661 7819\" \/>\n<meta property=\"og:url\" content=\"https:\/\/acrylicmade.com\/en\/product\/cuadra-earring-holder\/\" \/>\n<meta property=\"og:site_name\" content=\"Acrylicmade\" \/>\n<meta property=\"article:publisher\" content=\"https:\/\/www.facebook.com\/profile.php?id=100081663810347\" \/>\n<meta property=\"og:image\" content=\"https:\/\/acrylicmade.com\/wp-content\/uploads\/2023\/08\/prodweb_cuadra_1.png\" \/>\n\t<meta property=\"og:image:width\" content=\"800\" \/>\n\t<meta property=\"og:image:height\" content=\"800\" \/>\n\t<meta property=\"og:image:type\" content=\"image\/png\" \/>\n<script type=\"application\/ld+json\" class=\"yoast-schema-graph\">{\"@context\":\"https:\/\/schema.org\",\"@graph\":[{\"@type\":\"WebPage\",\"@id\":\"https:\/\/acrylicmade.com\/en\/product\/cuadra-earring-holder\/\",\"url\":\"https:\/\/acrylicmade.com\/en\/product\/cuadra-earring-holder\/\",\"name\":\"Acrylicmade - CUADRA Earring Holder\",\"isPartOf\":{\"@id\":\"https:\/\/acrylicmade.com\/en\/#website\"},\"primaryImageOfPage\":{\"@id\":\"https:\/\/acrylicmade.com\/en\/product\/cuadra-earring-holder\/#primaryimage\"},\"image\":{\"@id\":\"https:\/\/acrylicmade.com\/en\/product\/cuadra-earring-holder\/#primaryimage\"},\"thumbnailUrl\":\"https:\/\/acrylicmade.com\/wp-content\/uploads\/2023\/08\/prodweb_cuadra_1.png\",\"datePublished\":\"2023-08-03T19:30:17+00:00\",\"description\":\"Somos expertos en la fabricaci\u00f3n en productos de acr\u00edlico. Env\u00edos a todo M\u00e9xico y el mundo. Tel\u00e9fono 33 2304 1149 \/ 33 1661 7819\",\"breadcrumb\":{\"@id\":\"https:\/\/acrylicmade.com\/en\/product\/cuadra-earring-holder\/#breadcrumb\"},\"inLanguage\":\"en-US\",\"potentialAction\":[{\"@type\":\"ReadAction\",\"target\":[\"https:\/\/acrylicmade.com\/en\/product\/cuadra-earring-holder\/\"]}]},{\"@type\":\"ImageObject\",\"inLanguage\":\"en-US\",\"@id\":\"https:\/\/acrylicmade.com\/en\/product\/cuadra-earring-holder\/#primaryimage\",\"url\":\"https:\/\/acrylicmade.com\/wp-content\/uploads\/2023\/08\/prodweb_cuadra_1.png\",\"contentUrl\":\"https:\/\/acrylicmade.com\/wp-content\/uploads\/2023\/08\/prodweb_cuadra_1.png\",\"width\":800,\"height\":800},{\"@type\":\"BreadcrumbList\",\"@id\":\"https:\/\/acrylicmade.com\/en\/product\/cuadra-earring-holder\/#breadcrumb\",\"itemListElement\":[{\"@type\":\"ListItem\",\"position\":1,\"name\":\"Home\",\"item\":\"https:\/\/acrylicmade.com\/en\/\"},{\"@type\":\"ListItem\",\"position\":2,\"name\":\"Abarrotes y Dulcer\u00eda\",\"item\":\"https:\/\/acrylicmade.com\/en\/productos\/\"},{\"@type\":\"ListItem\",\"position\":3,\"name\":\"CUADRA Earring Holder\"}]},{\"@type\":\"WebSite\",\"@id\":\"https:\/\/acrylicmade.com\/en\/#website\",\"url\":\"https:\/\/acrylicmade.com\/en\/\",\"name\":\"Acrylicmade\",\"description\":\"Acrylicmade\",\"publisher\":{\"@id\":\"https:\/\/acrylicmade.com\/en\/#organization\"},\"potentialAction\":[{\"@type\":\"SearchAction\",\"target\":{\"@type\":\"EntryPoint\",\"urlTemplate\":\"https:\/\/acrylicmade.com\/en\/?s={search_term_string}\"},\"query-input\":{\"@type\":\"PropertyValueSpecification\",\"valueRequired\":true,\"valueName\":\"search_term_string\"}}],\"inLanguage\":\"en-US\"},{\"@type\":\"Organization\",\"@id\":\"https:\/\/acrylicmade.com\/en\/#organization\",\"name\":\"Acrylicmade\",\"url\":\"https:\/\/acrylicmade.com\/en\/\",\"logo\":{\"@type\":\"ImageObject\",\"inLanguage\":\"en-US\",\"@id\":\"https:\/\/acrylicmade.com\/en\/#\/schema\/logo\/image\/\",\"url\":\"https:\/\/acrylicmade.com\/wp-content\/uploads\/2023\/04\/logo_500x500.png\",\"contentUrl\":\"https:\/\/acrylicmade.com\/wp-content\/uploads\/2023\/04\/logo_500x500.png\",\"width\":500,\"height\":500,\"caption\":\"Acrylicmade\"},\"image\":{\"@id\":\"https:\/\/acrylicmade.com\/en\/#\/schema\/logo\/image\/\"},\"sameAs\":[\"https:\/\/www.facebook.com\/profile.php?id=100081663810347\",\"https:\/\/www.instagram.com\/acrylicmade\/\",\"https:\/\/www.linkedin.com\/company\/acrylicmade\"]}]}<\/script>\n<!-- \/ Yoast SEO plugin. -->","yoast_head_json":{"title":"Acrylicmade - CUADRA Earring Holder","description":"Somos expertos en la fabricaci\u00f3n en productos de acr\u00edlico. Env\u00edos a todo M\u00e9xico y el mundo. Tel\u00e9fono 33 2304 1149 \/ 33 1661 7819","robots":{"index":"index","follow":"follow","max-snippet":"max-snippet:-1","max-image-preview":"max-image-preview:large","max-video-preview":"max-video-preview:-1"},"canonical":"https:\/\/acrylicmade.com\/en\/product\/cuadra-earring-holder\/","og_locale":"en_US","og_type":"article","og_title":"Acrylicmade - CUADRA Earring Holder","og_description":"Somos expertos en la fabricaci\u00f3n en productos de acr\u00edlico. Env\u00edos a todo M\u00e9xico y el mundo. Tel\u00e9fono 33 2304 1149 \/ 33 1661 7819","og_url":"https:\/\/acrylicmade.com\/en\/product\/cuadra-earring-holder\/","og_site_name":"Acrylicmade","article_publisher":"https:\/\/www.facebook.com\/profile.php?id=100081663810347","og_image":[{"width":800,"height":800,"url":"https:\/\/acrylicmade.com\/wp-content\/uploads\/2023\/08\/prodweb_cuadra_1.png","type":"image\/png"}],"schema":{"@context":"https:\/\/schema.org","@graph":[{"@type":"WebPage","@id":"https:\/\/acrylicmade.com\/en\/product\/cuadra-earring-holder\/","url":"https:\/\/acrylicmade.com\/en\/product\/cuadra-earring-holder\/","name":"Acrylicmade - CUADRA Earring Holder","isPartOf":{"@id":"https:\/\/acrylicmade.com\/en\/#website"},"primaryImageOfPage":{"@id":"https:\/\/acrylicmade.com\/en\/product\/cuadra-earring-holder\/#primaryimage"},"image":{"@id":"https:\/\/acrylicmade.com\/en\/product\/cuadra-earring-holder\/#primaryimage"},"thumbnailUrl":"https:\/\/acrylicmade.com\/wp-content\/uploads\/2023\/08\/prodweb_cuadra_1.png","datePublished":"2023-08-03T19:30:17+00:00","description":"Somos expertos en la fabricaci\u00f3n en productos de acr\u00edlico. Env\u00edos a todo M\u00e9xico y el mundo. Tel\u00e9fono 33 2304 1149 \/ 33 1661 7819","breadcrumb":{"@id":"https:\/\/acrylicmade.com\/en\/product\/cuadra-earring-holder\/#breadcrumb"},"inLanguage":"en-US","potentialAction":[{"@type":"ReadAction","target":["https:\/\/acrylicmade.com\/en\/product\/cuadra-earring-holder\/"]}]},{"@type":"ImageObject","inLanguage":"en-US","@id":"https:\/\/acrylicmade.com\/en\/product\/cuadra-earring-holder\/#primaryimage","url":"https:\/\/acrylicmade.com\/wp-content\/uploads\/2023\/08\/prodweb_cuadra_1.png","contentUrl":"https:\/\/acrylicmade.com\/wp-content\/uploads\/2023\/08\/prodweb_cuadra_1.png","width":800,"height":800},{"@type":"BreadcrumbList","@id":"https:\/\/acrylicmade.com\/en\/product\/cuadra-earring-holder\/#breadcrumb","itemListElement":[{"@type":"ListItem","position":1,"name":"Home","item":"https:\/\/acrylicmade.com\/en\/"},{"@type":"ListItem","position":2,"name":"Abarrotes y Dulcer\u00eda","item":"https:\/\/acrylicmade.com\/en\/productos\/"},{"@type":"ListItem","position":3,"name":"CUADRA Earring Holder"}]},{"@type":"WebSite","@id":"https:\/\/acrylicmade.com\/en\/#website","url":"https:\/\/acrylicmade.com\/en\/","name":"Acrylicmade","description":"Acrylicmade","publisher":{"@id":"https:\/\/acrylicmade.com\/en\/#organization"},"potentialAction":[{"@type":"SearchAction","target":{"@type":"EntryPoint","urlTemplate":"https:\/\/acrylicmade.com\/en\/?s={search_term_string}"},"query-input":{"@type":"PropertyValueSpecification","valueRequired":true,"valueName":"search_term_string"}}],"inLanguage":"en-US"},{"@type":"Organization","@id":"https:\/\/acrylicmade.com\/en\/#organization","name":"Acrylicmade","url":"https:\/\/acrylicmade.com\/en\/","logo":{"@type":"ImageObject","inLanguage":"en-US","@id":"https:\/\/acrylicmade.com\/en\/#\/schema\/logo\/image\/","url":"https:\/\/acrylicmade.com\/wp-content\/uploads\/2023\/04\/logo_500x500.png","contentUrl":"https:\/\/acrylicmade.com\/wp-content\/uploads\/2023\/04\/logo_500x500.png","width":500,"height":500,"caption":"Acrylicmade"},"image":{"@id":"https:\/\/acrylicmade.com\/en\/#\/schema\/logo\/image\/"},"sameAs":["https:\/\/www.facebook.com\/profile.php?id=100081663810347","https:\/\/www.instagram.com\/acrylicmade\/","https:\/\/www.linkedin.com\/company\/acrylicmade"]}]}},"_links":{"self":[{"href":"https:\/\/acrylicmade.com\/en\/wp-json\/wp\/v2\/product\/21197","targetHints":{"allow":["GET"]}}],"collection":[{"href":"https:\/\/acrylicmade.com\/en\/wp-json\/wp\/v2\/product"}],"about":[{"href":"https:\/\/acrylicmade.com\/en\/wp-json\/wp\/v2\/types\/product"}],"wp:featuredmedia":[{"embeddable":true,"href":"https:\/\/acrylicmade.com\/en\/wp-json\/wp\/v2\/media\/20909"}],"wp:attachment":[{"href":"https:\/\/acrylicmade.com\/en\/wp-json\/wp\/v2\/media?parent=21197"}],"wp:term":[{"taxonomy":"product_cat","embeddable":true,"href":"https:\/\/acrylicmade.com\/en\/wp-json\/wp\/v2\/product_cat?post=21197"},{"taxonomy":"product_tag","embeddable":true,"href":"https:\/\/acrylicmade.com\/en\/wp-json\/wp\/v2\/product_tag?post=21197"}],"curies":[{"name":"wp","href":"https:\/\/api.w.org\/{rel}","templated":true}]}}