{"id":81305,"date":"2025-01-31T13:51:04","date_gmt":"2025-01-31T19:51:04","guid":{"rendered":"https:\/\/acrylicmade.com\/?post_type=product&#038;p=81305"},"modified":"2025-01-31T13:57:27","modified_gmt":"2025-01-31T19:57:27","slug":"mailbox-s","status":"publish","type":"product","link":"https:\/\/acrylicmade.com\/en\/product\/mailbox-s\/","title":{"rendered":"Mailbox S"},"excerpt":{"rendered":"<p><strong>Enhance communication and improve customer and employee experience.<br \/>\n<\/strong><br \/>\nOur acrylic mailbox S is a practical and effective tool for gathering feedback, addressing concerns, and strengthening relationships with your team and customers.<\/p>\n<p><strong>Special Features:<\/strong><br \/>\nOur acrylic mailbox includes an advertising holder, acrylic hinges, and a padlock holder. Additionally, you can customize it with your company logo, advertisements, labels, or other relevant information.<\/p>\n<p><strong>Dimensions<\/strong>: 8.3 in (width) x 8.7 in (height) x 3.9 in (depth)<br \/>\n<strong>Material<\/strong>: Acrylic<br \/>\n<strong>Thickness<\/strong>: 3\/25 in<br \/>\n<strong>Color<\/strong>: Transparent\/Clear<br \/>\n<strong>Minimum Order<\/strong>: 1<\/p>\n","protected":false},"featured_media":81281,"template":"","meta":{"inline_featured_image":false},"product_cat":[1649,806,1587,603,1074,1028,40,34,1458],"product_tag":[667,666,877,1651,679],"class_list":["post-81305","product","type-product","status-publish","has-post-thumbnail","hentry","product_cat-advertising-en","product_cat-all-products","product_cat-events","product_cat-hospitals","product_cat-organize","product_cat-promotions","product_cat-stationery","product_cat-advertising","product_cat-restaurant-bar","product_tag-acrylic-box","product_tag-box","product_tag-letter","product_tag-letter-box","product_tag-mailbox"],"yoast_head":"<!-- This site is optimized with the Yoast SEO plugin v25.2 - https:\/\/yoast.com\/wordpress\/plugins\/seo\/ -->\n<title>Acrylicmade - Mailbox S<\/title>\n<meta name=\"description\" content=\"Somos expertos en la fabricaci\u00f3n en productos de acr\u00edlico. Env\u00edos a todo M\u00e9xico y el mundo. Tel\u00e9fono 33 2304 1149 \/ 33 1661 7819\" \/>\n<meta name=\"robots\" content=\"index, follow, max-snippet:-1, max-image-preview:large, max-video-preview:-1\" \/>\n<link rel=\"canonical\" href=\"https:\/\/acrylicmade.com\/en\/product\/mailbox-s\/\" \/>\n<meta property=\"og:locale\" content=\"en_US\" \/>\n<meta property=\"og:type\" content=\"article\" \/>\n<meta property=\"og:title\" content=\"Acrylicmade - Mailbox S\" \/>\n<meta property=\"og:description\" content=\"Somos expertos en la fabricaci\u00f3n en productos de acr\u00edlico. Env\u00edos a todo M\u00e9xico y el mundo. Tel\u00e9fono 33 2304 1149 \/ 33 1661 7819\" \/>\n<meta property=\"og:url\" content=\"https:\/\/acrylicmade.com\/en\/product\/mailbox-s\/\" \/>\n<meta property=\"og:site_name\" content=\"Acrylicmade\" \/>\n<meta property=\"article:publisher\" content=\"https:\/\/www.facebook.com\/profile.php?id=100081663810347\" \/>\n<meta property=\"article:modified_time\" content=\"2025-01-31T19:57:27+00:00\" \/>\n<meta property=\"og:image\" content=\"https:\/\/acrylicmade.com\/wp-content\/uploads\/2025\/01\/Best-seller.png\" \/>\n\t<meta property=\"og:image:width\" content=\"1202\" \/>\n\t<meta property=\"og:image:height\" content=\"1202\" \/>\n\t<meta property=\"og:image:type\" content=\"image\/png\" \/>\n<script type=\"application\/ld+json\" class=\"yoast-schema-graph\">{\"@context\":\"https:\/\/schema.org\",\"@graph\":[{\"@type\":\"WebPage\",\"@id\":\"https:\/\/acrylicmade.com\/en\/product\/mailbox-s\/\",\"url\":\"https:\/\/acrylicmade.com\/en\/product\/mailbox-s\/\",\"name\":\"Acrylicmade - Mailbox S\",\"isPartOf\":{\"@id\":\"https:\/\/acrylicmade.com\/en\/#website\"},\"primaryImageOfPage\":{\"@id\":\"https:\/\/acrylicmade.com\/en\/product\/mailbox-s\/#primaryimage\"},\"image\":{\"@id\":\"https:\/\/acrylicmade.com\/en\/product\/mailbox-s\/#primaryimage\"},\"thumbnailUrl\":\"https:\/\/acrylicmade.com\/wp-content\/uploads\/2025\/01\/Best-seller.png\",\"datePublished\":\"2025-01-31T19:51:04+00:00\",\"dateModified\":\"2025-01-31T19:57:27+00:00\",\"description\":\"Somos expertos en la fabricaci\u00f3n en productos de acr\u00edlico. Env\u00edos a todo M\u00e9xico y el mundo. Tel\u00e9fono 33 2304 1149 \/ 33 1661 7819\",\"breadcrumb\":{\"@id\":\"https:\/\/acrylicmade.com\/en\/product\/mailbox-s\/#breadcrumb\"},\"inLanguage\":\"en-US\",\"potentialAction\":[{\"@type\":\"ReadAction\",\"target\":[\"https:\/\/acrylicmade.com\/en\/product\/mailbox-s\/\"]}]},{\"@type\":\"ImageObject\",\"inLanguage\":\"en-US\",\"@id\":\"https:\/\/acrylicmade.com\/en\/product\/mailbox-s\/#primaryimage\",\"url\":\"https:\/\/acrylicmade.com\/wp-content\/uploads\/2025\/01\/Best-seller.png\",\"contentUrl\":\"https:\/\/acrylicmade.com\/wp-content\/uploads\/2025\/01\/Best-seller.png\",\"width\":1202,\"height\":1202},{\"@type\":\"BreadcrumbList\",\"@id\":\"https:\/\/acrylicmade.com\/en\/product\/mailbox-s\/#breadcrumb\",\"itemListElement\":[{\"@type\":\"ListItem\",\"position\":1,\"name\":\"Home\",\"item\":\"https:\/\/acrylicmade.com\/en\/\"},{\"@type\":\"ListItem\",\"position\":2,\"name\":\"Abarrotes y Dulcer\u00eda\",\"item\":\"https:\/\/acrylicmade.com\/en\/productos\/\"},{\"@type\":\"ListItem\",\"position\":3,\"name\":\"Mailbox S\"}]},{\"@type\":\"WebSite\",\"@id\":\"https:\/\/acrylicmade.com\/en\/#website\",\"url\":\"https:\/\/acrylicmade.com\/en\/\",\"name\":\"Acrylicmade\",\"description\":\"Acrylicmade\",\"publisher\":{\"@id\":\"https:\/\/acrylicmade.com\/en\/#organization\"},\"potentialAction\":[{\"@type\":\"SearchAction\",\"target\":{\"@type\":\"EntryPoint\",\"urlTemplate\":\"https:\/\/acrylicmade.com\/en\/?s={search_term_string}\"},\"query-input\":{\"@type\":\"PropertyValueSpecification\",\"valueRequired\":true,\"valueName\":\"search_term_string\"}}],\"inLanguage\":\"en-US\"},{\"@type\":\"Organization\",\"@id\":\"https:\/\/acrylicmade.com\/en\/#organization\",\"name\":\"Acrylicmade\",\"url\":\"https:\/\/acrylicmade.com\/en\/\",\"logo\":{\"@type\":\"ImageObject\",\"inLanguage\":\"en-US\",\"@id\":\"https:\/\/acrylicmade.com\/en\/#\/schema\/logo\/image\/\",\"url\":\"https:\/\/acrylicmade.com\/wp-content\/uploads\/2023\/04\/logo_500x500.png\",\"contentUrl\":\"https:\/\/acrylicmade.com\/wp-content\/uploads\/2023\/04\/logo_500x500.png\",\"width\":500,\"height\":500,\"caption\":\"Acrylicmade\"},\"image\":{\"@id\":\"https:\/\/acrylicmade.com\/en\/#\/schema\/logo\/image\/\"},\"sameAs\":[\"https:\/\/www.facebook.com\/profile.php?id=100081663810347\",\"https:\/\/www.instagram.com\/acrylicmade\/\",\"https:\/\/www.linkedin.com\/company\/acrylicmade\"]}]}<\/script>\n<!-- \/ Yoast SEO plugin. -->","yoast_head_json":{"title":"Acrylicmade - Mailbox S","description":"Somos expertos en la fabricaci\u00f3n en productos de acr\u00edlico. Env\u00edos a todo M\u00e9xico y el mundo. Tel\u00e9fono 33 2304 1149 \/ 33 1661 7819","robots":{"index":"index","follow":"follow","max-snippet":"max-snippet:-1","max-image-preview":"max-image-preview:large","max-video-preview":"max-video-preview:-1"},"canonical":"https:\/\/acrylicmade.com\/en\/product\/mailbox-s\/","og_locale":"en_US","og_type":"article","og_title":"Acrylicmade - Mailbox S","og_description":"Somos expertos en la fabricaci\u00f3n en productos de acr\u00edlico. Env\u00edos a todo M\u00e9xico y el mundo. Tel\u00e9fono 33 2304 1149 \/ 33 1661 7819","og_url":"https:\/\/acrylicmade.com\/en\/product\/mailbox-s\/","og_site_name":"Acrylicmade","article_publisher":"https:\/\/www.facebook.com\/profile.php?id=100081663810347","article_modified_time":"2025-01-31T19:57:27+00:00","og_image":[{"width":1202,"height":1202,"url":"https:\/\/acrylicmade.com\/wp-content\/uploads\/2025\/01\/Best-seller.png","type":"image\/png"}],"schema":{"@context":"https:\/\/schema.org","@graph":[{"@type":"WebPage","@id":"https:\/\/acrylicmade.com\/en\/product\/mailbox-s\/","url":"https:\/\/acrylicmade.com\/en\/product\/mailbox-s\/","name":"Acrylicmade - Mailbox S","isPartOf":{"@id":"https:\/\/acrylicmade.com\/en\/#website"},"primaryImageOfPage":{"@id":"https:\/\/acrylicmade.com\/en\/product\/mailbox-s\/#primaryimage"},"image":{"@id":"https:\/\/acrylicmade.com\/en\/product\/mailbox-s\/#primaryimage"},"thumbnailUrl":"https:\/\/acrylicmade.com\/wp-content\/uploads\/2025\/01\/Best-seller.png","datePublished":"2025-01-31T19:51:04+00:00","dateModified":"2025-01-31T19:57:27+00:00","description":"Somos expertos en la fabricaci\u00f3n en productos de acr\u00edlico. Env\u00edos a todo M\u00e9xico y el mundo. Tel\u00e9fono 33 2304 1149 \/ 33 1661 7819","breadcrumb":{"@id":"https:\/\/acrylicmade.com\/en\/product\/mailbox-s\/#breadcrumb"},"inLanguage":"en-US","potentialAction":[{"@type":"ReadAction","target":["https:\/\/acrylicmade.com\/en\/product\/mailbox-s\/"]}]},{"@type":"ImageObject","inLanguage":"en-US","@id":"https:\/\/acrylicmade.com\/en\/product\/mailbox-s\/#primaryimage","url":"https:\/\/acrylicmade.com\/wp-content\/uploads\/2025\/01\/Best-seller.png","contentUrl":"https:\/\/acrylicmade.com\/wp-content\/uploads\/2025\/01\/Best-seller.png","width":1202,"height":1202},{"@type":"BreadcrumbList","@id":"https:\/\/acrylicmade.com\/en\/product\/mailbox-s\/#breadcrumb","itemListElement":[{"@type":"ListItem","position":1,"name":"Home","item":"https:\/\/acrylicmade.com\/en\/"},{"@type":"ListItem","position":2,"name":"Abarrotes y Dulcer\u00eda","item":"https:\/\/acrylicmade.com\/en\/productos\/"},{"@type":"ListItem","position":3,"name":"Mailbox S"}]},{"@type":"WebSite","@id":"https:\/\/acrylicmade.com\/en\/#website","url":"https:\/\/acrylicmade.com\/en\/","name":"Acrylicmade","description":"Acrylicmade","publisher":{"@id":"https:\/\/acrylicmade.com\/en\/#organization"},"potentialAction":[{"@type":"SearchAction","target":{"@type":"EntryPoint","urlTemplate":"https:\/\/acrylicmade.com\/en\/?s={search_term_string}"},"query-input":{"@type":"PropertyValueSpecification","valueRequired":true,"valueName":"search_term_string"}}],"inLanguage":"en-US"},{"@type":"Organization","@id":"https:\/\/acrylicmade.com\/en\/#organization","name":"Acrylicmade","url":"https:\/\/acrylicmade.com\/en\/","logo":{"@type":"ImageObject","inLanguage":"en-US","@id":"https:\/\/acrylicmade.com\/en\/#\/schema\/logo\/image\/","url":"https:\/\/acrylicmade.com\/wp-content\/uploads\/2023\/04\/logo_500x500.png","contentUrl":"https:\/\/acrylicmade.com\/wp-content\/uploads\/2023\/04\/logo_500x500.png","width":500,"height":500,"caption":"Acrylicmade"},"image":{"@id":"https:\/\/acrylicmade.com\/en\/#\/schema\/logo\/image\/"},"sameAs":["https:\/\/www.facebook.com\/profile.php?id=100081663810347","https:\/\/www.instagram.com\/acrylicmade\/","https:\/\/www.linkedin.com\/company\/acrylicmade"]}]}},"_links":{"self":[{"href":"https:\/\/acrylicmade.com\/en\/wp-json\/wp\/v2\/product\/81305","targetHints":{"allow":["GET"]}}],"collection":[{"href":"https:\/\/acrylicmade.com\/en\/wp-json\/wp\/v2\/product"}],"about":[{"href":"https:\/\/acrylicmade.com\/en\/wp-json\/wp\/v2\/types\/product"}],"wp:featuredmedia":[{"embeddable":true,"href":"https:\/\/acrylicmade.com\/en\/wp-json\/wp\/v2\/media\/81281"}],"wp:attachment":[{"href":"https:\/\/acrylicmade.com\/en\/wp-json\/wp\/v2\/media?parent=81305"}],"wp:term":[{"taxonomy":"product_cat","embeddable":true,"href":"https:\/\/acrylicmade.com\/en\/wp-json\/wp\/v2\/product_cat?post=81305"},{"taxonomy":"product_tag","embeddable":true,"href":"https:\/\/acrylicmade.com\/en\/wp-json\/wp\/v2\/product_tag?post=81305"}],"curies":[{"name":"wp","href":"https:\/\/api.w.org\/{rel}","templated":true}]}}